{"id":2491,"date":"2023-11-16T13:50:42","date_gmt":"2023-11-16T13:50:42","guid":{"rendered":"https:\/\/cyscover.com\/?page_id=2491"},"modified":"2024-11-25T02:42:12","modified_gmt":"2024-11-25T01:42:12","slug":"impressum","status":"publish","type":"page","link":"https:\/\/cyscover.com\/de\/impressum\/","title":{"rendered":"Impressum"},"content":{"rendered":"<div>\n<h1>Impressum<\/h1>\n<h2>Angaben gem\u00e4\u00df \u00a7 5 TMG<\/h2>\n<p><b>Selina Jakumeit &#8211; Cyscover\u00ae<\/b><br \/>Gem\u00fcndener Stra\u00dfe 30<br \/>60599 Frankfurt am Main<\/p>\n<h2>Kontakt<\/h2>\n<p>Telefon: +49 69 26409879<br \/>E-Mail: info@cyscover.com<\/p>\n<h2>EU-Streitschlichtung<\/h2>\n<p>Die Europ\u00e4ische Kommission stellt eine Plattform zur Online-Streitbeilegung (OS) bereit: <a href=\"https:\/\/ec.europa.eu\/consumers\/odr\/\" target=\"_blank\" rel=\"noopener noreferrer\">https:\/\/ec.europa.eu\/consumers\/odr\/<\/a>.<br \/>Unsere E-Mail-Adresse finden Sie oben im Impressum.<\/p>\n<h2>Verbraucher\u00adstreit\u00adbeilegung\/Universal\u00adschlichtungs\u00adstelle<\/h2>\n<p>Wir sind nicht bereit oder verpflichtet, an Streitbeilegungsverfahren vor einer Verbraucherschlichtungsstelle teilzunehmen.<\/p>\n<\/div>\n<p><!--more--><br \/>\n<!-- {\"type\":\"layout\",\"children\":[{\"type\":\"section\",\"props\":{\"class\":\"bg-white\",\"image_position\":\"center-center\",\"style\":\"default\",\"title_breakpoint\":\"xl\",\"title_position\":\"top-left\",\"title_rotation\":\"left\",\"vertical_align\":\"middle\",\"width\":\"default\"},\"children\":[{\"type\":\"row\",\"children\":[{\"type\":\"column\",\"props\":{\"image_position\":\"center-center\",\"position_sticky_breakpoint\":\"m\"},\"children\":[{\"type\":\"text\",\"props\":{\"column_breakpoint\":\"m\",\"content\":\"\n\n<h1>Impressum<\\\/h1>\\n\n\n<h2>Angaben gem\\u00e4\\u00df \\u00a7 5 TMG<\\\/h2>\\n\n\n<p><br \\\/><b>Selina Jakumeit - Cyscover\\u00ae<\\\/b><br \\\/>Gem\\u00fcndener Stra\\u00dfe 30<br \\\/>60599 Frankfurt am Main<\\\/p>\\n\n\n<h2>Kontakt<\\\/h2>\\n\n\n<p>Telefon: +49 69 26409879<br \\\/>E-Mail: info@cyscover.com<\\\/p>\\n\n\n<h2>EU-Streitschlichtung<\\\/h2>\\n\n\n<p>Die Europ\\u00e4ische Kommission stellt eine Plattform zur Online-Streitbeilegung (OS) bereit: <a href=\\\"https:\\\/\\\/ec.europa.eu\\\/consumers\\\/odr\\\/\\\" target=\\\"_blank\\\" rel=\\\"noopener noreferrer\\\">https:\\\/\\\/ec.europa.eu\\\/consumers\\\/odr\\\/<\\\/a>.<br \\\/>Unsere E-Mail-Adresse finden Sie oben im Impressum.<\\\/p>\\n\n\n<h2>Verbraucher\\u00adstreit\\u00adbeilegung\\\/Universal\\u00adschlichtungs\\u00adstelle<\\\/h2>\\n\n\n<p>Wir sind nicht bereit oder verpflichtet, an Streitbeilegungsverfahren vor einer Verbraucherschlichtungsstelle teilzunehmen.<\\\/p>\",\"css\":\".el-element {font-size: 14px}\\n.el-element h2 {font-size: 24px!important}\\n.el-element h3 {font-size: 20px}\\n.el-element h4 {font-size: 18px}\",\"margin\":\"default\"}}]}]}]}],\"version\":\"4.3.13\",\"yooessentialsVersion\":\"2.2.9\"} --><\/p>\n","protected":false},"excerpt":{"rendered":"<p>Impressum Angaben gem\u00e4\u00df \u00a7 5 TMG Selina Jakumeit &#8211; Cyscover\u00aeGem\u00fcndener Stra\u00dfe 3060599 Frankfurt am Main Kontakt Telefon: +49 69 26409879E-Mail: info@cyscover.com EU-Streitschlichtung Die Europ\u00e4ische Kommission stellt eine Plattform zur Online-Streitbeilegung (OS) bereit: https:\/\/ec.europa.eu\/consumers\/odr\/.Unsere E-Mail-Adresse finden Sie oben im Impressum. Verbraucher\u00adstreit\u00adbeilegung\/Universal\u00adschlichtungs\u00adstelle Wir sind nicht bereit oder verpflichtet, an Streitbeilegungsverfahren vor einer Verbraucherschlichtungsstelle teilzunehmen.<\/p>\n","protected":false},"author":1,"featured_media":0,"parent":0,"menu_order":0,"comment_status":"closed","ping_status":"closed","template":"","meta":{"footnotes":""},"class_list":["post-2491","page","type-page","status-publish","hentry"],"yoast_head":"<!-- This site is optimized with the Yoast SEO plugin v26.9 - https:\/\/yoast.com\/product\/yoast-seo-wordpress\/ -->\n<title>Impressum - Cyscover\u00ae<\/title>\n<meta name=\"robots\" content=\"index, follow, max-snippet:-1, max-image-preview:large, max-video-preview:-1\" \/>\n<link rel=\"canonical\" href=\"https:\/\/cyscover.com\/de\/impressum\/\" \/>\n<meta property=\"og:locale\" content=\"de_DE\" \/>\n<meta property=\"og:type\" content=\"article\" \/>\n<meta property=\"og:title\" content=\"Impressum - Cyscover\u00ae\" \/>\n<meta property=\"og:description\" content=\"Impressum Angaben gem\u00e4\u00df \u00a7 5 TMG Selina Jakumeit &#8211; Cyscover\u00aeGem\u00fcndener Stra\u00dfe 3060599 Frankfurt am Main Kontakt Telefon: +49 69 26409879E-Mail: info@cyscover.com EU-Streitschlichtung Die Europ\u00e4ische Kommission stellt eine Plattform zur Online-Streitbeilegung (OS) bereit: https:\/\/ec.europa.eu\/consumers\/odr\/.Unsere E-Mail-Adresse finden Sie oben im Impressum. Verbraucher\u00adstreit\u00adbeilegung\/Universal\u00adschlichtungs\u00adstelle Wir sind nicht bereit oder verpflichtet, an Streitbeilegungsverfahren vor einer Verbraucherschlichtungsstelle teilzunehmen.\" \/>\n<meta property=\"og:url\" content=\"https:\/\/cyscover.com\/de\/impressum\/\" \/>\n<meta property=\"og:site_name\" content=\"Cyscover\u00ae\" \/>\n<meta property=\"article:modified_time\" content=\"2024-11-25T01:42:12+00:00\" \/>\n<meta name=\"twitter:card\" content=\"summary_large_image\" \/>\n<script type=\"application\/ld+json\" class=\"yoast-schema-graph\">{\"@context\":\"https:\/\/schema.org\",\"@graph\":[{\"@type\":\"WebPage\",\"@id\":\"https:\/\/cyscover.com\/de\/impressum\/\",\"url\":\"https:\/\/cyscover.com\/de\/impressum\/\",\"name\":\"Impressum - Cyscover\u00ae\",\"isPartOf\":{\"@id\":\"https:\/\/cyscover.com\/de\/#website\"},\"datePublished\":\"2023-11-16T13:50:42+00:00\",\"dateModified\":\"2024-11-25T01:42:12+00:00\",\"breadcrumb\":{\"@id\":\"https:\/\/cyscover.com\/de\/impressum\/#breadcrumb\"},\"inLanguage\":\"de\",\"potentialAction\":[{\"@type\":\"ReadAction\",\"target\":[\"https:\/\/cyscover.com\/de\/impressum\/\"]}]},{\"@type\":\"BreadcrumbList\",\"@id\":\"https:\/\/cyscover.com\/de\/impressum\/#breadcrumb\",\"itemListElement\":[{\"@type\":\"ListItem\",\"position\":1,\"name\":\"Startseite\",\"item\":\"https:\/\/cyscover.com\/de\/\"},{\"@type\":\"ListItem\",\"position\":2,\"name\":\"Impressum\"}]},{\"@type\":\"WebSite\",\"@id\":\"https:\/\/cyscover.com\/de\/#website\",\"url\":\"https:\/\/cyscover.com\/de\/\",\"name\":\"Cyscover\u00ae\",\"description\":\"Invented by a woman for women\",\"publisher\":{\"@id\":\"https:\/\/cyscover.com\/de\/#organization\"},\"potentialAction\":[{\"@type\":\"SearchAction\",\"target\":{\"@type\":\"EntryPoint\",\"urlTemplate\":\"https:\/\/cyscover.com\/de\/?s={search_term_string}\"},\"query-input\":{\"@type\":\"PropertyValueSpecification\",\"valueRequired\":true,\"valueName\":\"search_term_string\"}}],\"inLanguage\":\"de\"},{\"@type\":\"Organization\",\"@id\":\"https:\/\/cyscover.com\/de\/#organization\",\"name\":\"Cyscover\u00ae\",\"url\":\"https:\/\/cyscover.com\/de\/\",\"logo\":{\"@type\":\"ImageObject\",\"inLanguage\":\"de\",\"@id\":\"https:\/\/cyscover.com\/de\/#\/schema\/logo\/image\/\",\"url\":\"https:\/\/cyscover.com\/wp-content\/uploads\/2023\/11\/Bubble_FemcareInnovation-e1699525231862.png\",\"contentUrl\":\"https:\/\/cyscover.com\/wp-content\/uploads\/2023\/11\/Bubble_FemcareInnovation-e1699525231862.png\",\"width\":1350,\"height\":1303,\"caption\":\"Cyscover\u00ae\"},\"image\":{\"@id\":\"https:\/\/cyscover.com\/de\/#\/schema\/logo\/image\/\"}}]}<\/script>\n<!-- \/ Yoast SEO plugin. -->","yoast_head_json":{"title":"Impressum - Cyscover\u00ae","robots":{"index":"index","follow":"follow","max-snippet":"max-snippet:-1","max-image-preview":"max-image-preview:large","max-video-preview":"max-video-preview:-1"},"canonical":"https:\/\/cyscover.com\/de\/impressum\/","og_locale":"de_DE","og_type":"article","og_title":"Impressum - Cyscover\u00ae","og_description":"Impressum Angaben gem\u00e4\u00df \u00a7 5 TMG Selina Jakumeit &#8211; Cyscover\u00aeGem\u00fcndener Stra\u00dfe 3060599 Frankfurt am Main Kontakt Telefon: +49 69 26409879E-Mail: info@cyscover.com EU-Streitschlichtung Die Europ\u00e4ische Kommission stellt eine Plattform zur Online-Streitbeilegung (OS) bereit: https:\/\/ec.europa.eu\/consumers\/odr\/.Unsere E-Mail-Adresse finden Sie oben im Impressum. Verbraucher\u00adstreit\u00adbeilegung\/Universal\u00adschlichtungs\u00adstelle Wir sind nicht bereit oder verpflichtet, an Streitbeilegungsverfahren vor einer Verbraucherschlichtungsstelle teilzunehmen.","og_url":"https:\/\/cyscover.com\/de\/impressum\/","og_site_name":"Cyscover\u00ae","article_modified_time":"2024-11-25T01:42:12+00:00","twitter_card":"summary_large_image","schema":{"@context":"https:\/\/schema.org","@graph":[{"@type":"WebPage","@id":"https:\/\/cyscover.com\/de\/impressum\/","url":"https:\/\/cyscover.com\/de\/impressum\/","name":"Impressum - Cyscover\u00ae","isPartOf":{"@id":"https:\/\/cyscover.com\/de\/#website"},"datePublished":"2023-11-16T13:50:42+00:00","dateModified":"2024-11-25T01:42:12+00:00","breadcrumb":{"@id":"https:\/\/cyscover.com\/de\/impressum\/#breadcrumb"},"inLanguage":"de","potentialAction":[{"@type":"ReadAction","target":["https:\/\/cyscover.com\/de\/impressum\/"]}]},{"@type":"BreadcrumbList","@id":"https:\/\/cyscover.com\/de\/impressum\/#breadcrumb","itemListElement":[{"@type":"ListItem","position":1,"name":"Startseite","item":"https:\/\/cyscover.com\/de\/"},{"@type":"ListItem","position":2,"name":"Impressum"}]},{"@type":"WebSite","@id":"https:\/\/cyscover.com\/de\/#website","url":"https:\/\/cyscover.com\/de\/","name":"Cyscover\u00ae","description":"Invented by a woman for women","publisher":{"@id":"https:\/\/cyscover.com\/de\/#organization"},"potentialAction":[{"@type":"SearchAction","target":{"@type":"EntryPoint","urlTemplate":"https:\/\/cyscover.com\/de\/?s={search_term_string}"},"query-input":{"@type":"PropertyValueSpecification","valueRequired":true,"valueName":"search_term_string"}}],"inLanguage":"de"},{"@type":"Organization","@id":"https:\/\/cyscover.com\/de\/#organization","name":"Cyscover\u00ae","url":"https:\/\/cyscover.com\/de\/","logo":{"@type":"ImageObject","inLanguage":"de","@id":"https:\/\/cyscover.com\/de\/#\/schema\/logo\/image\/","url":"https:\/\/cyscover.com\/wp-content\/uploads\/2023\/11\/Bubble_FemcareInnovation-e1699525231862.png","contentUrl":"https:\/\/cyscover.com\/wp-content\/uploads\/2023\/11\/Bubble_FemcareInnovation-e1699525231862.png","width":1350,"height":1303,"caption":"Cyscover\u00ae"},"image":{"@id":"https:\/\/cyscover.com\/de\/#\/schema\/logo\/image\/"}}]}},"_links":{"self":[{"href":"https:\/\/cyscover.com\/de\/wp-json\/wp\/v2\/pages\/2491","targetHints":{"allow":["GET"]}}],"collection":[{"href":"https:\/\/cyscover.com\/de\/wp-json\/wp\/v2\/pages"}],"about":[{"href":"https:\/\/cyscover.com\/de\/wp-json\/wp\/v2\/types\/page"}],"author":[{"embeddable":true,"href":"https:\/\/cyscover.com\/de\/wp-json\/wp\/v2\/users\/1"}],"replies":[{"embeddable":true,"href":"https:\/\/cyscover.com\/de\/wp-json\/wp\/v2\/comments?post=2491"}],"version-history":[{"count":26,"href":"https:\/\/cyscover.com\/de\/wp-json\/wp\/v2\/pages\/2491\/revisions"}],"predecessor-version":[{"id":3686,"href":"https:\/\/cyscover.com\/de\/wp-json\/wp\/v2\/pages\/2491\/revisions\/3686"}],"wp:attachment":[{"href":"https:\/\/cyscover.com\/de\/wp-json\/wp\/v2\/media?parent=2491"}],"curies":[{"name":"wp","href":"https:\/\/api.w.org\/{rel}","templated":true}]}}